{"id":1050,"date":"2020-02-23T09:21:58","date_gmt":"2020-02-23T08:21:58","guid":{"rendered":"https:\/\/wp.blasmusik-gebenbach.de\/?page_id=1050"},"modified":"2023-03-25T14:07:32","modified_gmt":"2023-03-25T13:07:32","slug":"impressum","status":"publish","type":"page","link":"https:\/\/wp.blasmusik-gebenbach.de\/?page_id=1050","title":{"rendered":"Impressum"},"content":{"rendered":"\n<div class=\"wp-block-uagb-advanced-heading uagb-block-abf3440d\"><h1 class=\"uagb-heading-text\">Impressum und<br>Informationen zum Datenschutz<\/h1><div class=\"uagb-separator\"><\/div><\/div>\n\n\n\n<h4 class=\"wp-block-heading\">Angaben gem\u00e4\u00df \u00a7 5 TMG <\/h4>\n\n\n\n<p> Blasmusik Gebenbach e. V.<br> Godlricht 7<br> 92256 Hahnbach<\/p>\n\n\n\n<h4 class=\"wp-block-heading\">Vertreten durch<\/h4>\n\n\n\n<p> Simon L\u00f6sch, Vorsitzender<br> Johannes Gottschalk, stellvertretender Vorsitzender<\/p>\n\n\n\n<h4 class=\"wp-block-heading\">Kontakt<\/h4>\n\n\n\n<p> Telefon: +49 (0) 160 2432147<br> E-Mail: vorstand@blasmusik-gebenbach.de<\/p>\n\n\n\n<h4 class=\"wp-block-heading\">Registereintrag<\/h4>\n\n\n\n<p> Eintragung im Vereinsregister<br> Registergericht: Amtsgerichts Amberg<br> Registernummer: 888<\/p>\n\n\n\n<h4 class=\"wp-block-heading\">Verantwortlich f\u00fcr den Inhalt nach \u00a7 55 Abs. 2 RStV<\/h4>\n\n\n\n<p> Simon L\u00f6sch<br> Godlricht 7<br> 92256 Hahnbach<\/p>\n\n\n\n<h4 class=\"wp-block-heading\">Streitschlichtung<\/h4>\n\n\n\n<p>Wir sind nicht bereit oder verpflichtet, an Streitbeilegungsverfahren vor einer Verbraucherschlichtungsstelle teilzunehmen.<\/p>\n\n\n\n<h4 class=\"wp-block-heading\">Haftung f\u00fcr Inhalte<\/h4>\n\n\n\n<p>Als Diensteanbieter sind wir gem\u00e4\u00df \u00a7 7 Abs.1 TMG f\u00fcr eigene Inhalte auf  diesen Seiten nach den allgemeinen Gesetzen verantwortlich. Nach \u00a7\u00a7 8  bis 10 TMG sind wir als Diensteanbieter jedoch nicht verpflichtet,  \u00fcbermittelte oder gespeicherte fremde Informationen zu \u00fcberwachen oder  nach Umst\u00e4nden zu forschen, die auf eine rechtswidrige T\u00e4tigkeit  hinweisen. Verpflichtungen zur Entfernung oder Sperrung der Nutzung von  Informationen nach den allgemeinen Gesetzen bleiben hiervon unber\u00fchrt.  Eine diesbez\u00fcgliche Haftung ist jedoch erst ab dem Zeitpunkt der  Kenntnis einer konkreten Rechtsverletzung m\u00f6glich. Bei Bekanntwerden von  entsprechenden Rechtsverletzungen werden wir diese Inhalte umgehend  entfernen.<\/p>\n\n\n\n<h4 class=\"wp-block-heading\">Haftung f\u00fcr Links<\/h4>\n\n\n\n<p>Unser Angebot enth\u00e4lt Links zu externen Websites Dritter, auf deren  Inhalte wir keinen Einfluss haben. Deshalb k\u00f6nnen wir f\u00fcr diese fremden Inhalte auch keine Gew\u00e4hr  \u00fcbernehmen. F\u00fcr die Inhalte der verlinkten Seiten ist stets der  jeweilige Anbieter oder Betreiber der Seiten verantwortlich. Die  verlinkten Seiten wurden zum Zeitpunkt der Verlinkung auf m\u00f6gliche  Rechtsverst\u00f6\u00dfe \u00fcberpr\u00fcft. Rechtswidrige Inhalte waren zum Zeitpunkt der  Verlinkung nicht erkennbar. Eine permanente inhaltliche Kontrolle der verlinkten Seiten ist jedoch  ohne konkrete Anhaltspunkte einer Rechtsverletzung nicht zumutbar. Bei  Bekanntwerden von Rechtsverletzungen werden wir derartige Links umgehend  entfernen.<\/p>\n\n\n\n<h4 class=\"wp-block-heading\">Urheberrecht<\/h4>\n\n\n\n<p>Die durch die Seitenbetreiber erstellten Inhalte und Werke auf diesen  Seiten unterliegen dem deutschen Urheberrecht. Die Vervielf\u00e4ltigung,  Bearbeitung, Verbreitung und jede Art der Verwertung au\u00dferhalb der  Grenzen des Urheberrechtes bed\u00fcrfen der schriftlichen Zustimmung des  jeweiligen Autors bzw. Erstellers. Downloads und Kopien dieser Seite  sind nur f\u00fcr den privaten, nicht kommerziellen Gebrauch gestattet. Soweit die Inhalte auf dieser Seite nicht vom Betreiber erstellt wurden,  werden die Urheberrechte Dritter beachtet. Insbesondere werden Inhalte  Dritter als solche gekennzeichnet. Sollten Sie trotzdem auf eine  Urheberrechtsverletzung aufmerksam werden, bitten wir um einen  entsprechenden Hinweis. Bei Bekanntwerden von Rechtsverletzungen werden  wir derartige Inhalte umgehend entfernen.<\/p>\n\n\n\n<h2 class=\"wp-block-heading\">Datenschutzerkl\u00e4rung<\/h2>\n\n\n\n<h4 class=\"wp-block-heading\">Datenschutz<\/h4>\n\n\n\n<p>Die Betreiber dieser Seiten nehmen den Schutz Ihrer pers\u00f6nlichen Daten  sehr ernst. Wir behandeln Ihre personenbezogenen Daten vertraulich und  entsprechend der gesetzlichen Datenschutzvorschriften sowie dieser  Datenschutzerkl\u00e4rung. Die Nutzung unserer Website ist in der Regel ohne Angabe  personenbezogener Daten m\u00f6glich. Soweit auf unseren Seiten  personenbezogene Daten (beispielsweise Name, Anschrift oder  E-Mail-Adressen) erhoben werden, erfolgt dies, soweit m\u00f6glich, stets auf  freiwilliger Basis. Diese Daten werden ohne Ihre ausdr\u00fcckliche  Zustimmung nicht an Dritte weitergegeben. Wir weisen darauf hin, dass die Daten\u00fcbertragung im Internet (z.B. bei  der Kommunikation per E-Mail) Sicherheitsl\u00fccken aufweisen kann. Ein  l\u00fcckenloser Schutz der Daten vor dem Zugriff durch Dritte ist nicht  m\u00f6glich.<\/p>\n\n\n\n<h4 class=\"wp-block-heading\">Server-Log-Files<\/h4>\n\n\n\n<p>Der Provider der Seiten erhebt und speichert automatisch Informationen in so genannten Server-Log Files, die Ihr Browser automatisch an uns \u00fcbermittelt. Dies sind:<\/p>\n\n\n\n<ul class=\"wp-block-list\">\n<li>Browsertyp und Browserversion<\/li>\n\n\n\n<li>verwendetes Betriebssystem<\/li>\n\n\n\n<li>Referrer URL<\/li>\n\n\n\n<li>Hostname des zugreifenden Rechners<\/li>\n\n\n\n<li>Uhrzeit der Serveranfrage<\/li>\n<\/ul>\n\n\n\n<p>Diese Daten sind nicht bestimmten Personen zuordenbar. Eine Zusammenf\u00fchrung dieser Daten mit anderen Datenquellen wird nicht vorgenommen. Wir behalten uns vor, diese Daten nachtr\u00e4glich zu pr\u00fcfen, wenn uns konkrete Anhaltspunkte f\u00fcr eine rechtswidrige Nutzung bekannt werden.<\/p>\n\n\n\n<h4 class=\"wp-block-heading\">Recht auf Auskunft, L\u00f6schung, Sperrung<\/h4>\n\n\n\n<p>Sie haben jederzeit das Recht auf unentgeltliche Auskunft \u00fcber Ihre  gespeicherten personenbezogenen Daten, deren Herkunft und Empf\u00e4nger und  den Zweck der Datenverarbeitung sowie ein Recht auf Berichtigung,  Sperrung oder L\u00f6schung dieser Daten. Hierzu sowie zu weiteren Fragen zum  Thema personenbezogene Daten k\u00f6nnen Sie sich jederzeit unter der im  Impressum angegebenen Adresse an uns wenden.<\/p>\n\n\n\n<div class=\"wp-block-qubely-icon qubely-block-b4f10d\"><div class=\"qubely-block-icon-wrapper \"><div class=\"qubely-block-icon\"><a class=\"qubely-icon-block-anchor\" href=\"javascript:self.scrollTo(0,0);\"><i class=\"fas fa-angle-up\"><\/i><\/a><\/div><\/div><\/div>\n","protected":false},"excerpt":{"rendered":"<p>Impressum undInformationen zum Datenschutz Angaben gem\u00e4\u00df \u00a7 5 TMG Blasmusik Gebenbach e. V. Godlricht 7 92256 Hahnbach Vertreten durch Simon L\u00f6sch, Vorsitzender Johannes Gottschalk, stellvertretender&hellip;<\/p>\n","protected":false},"author":1,"featured_media":0,"parent":0,"menu_order":0,"comment_status":"closed","ping_status":"closed","template":"","meta":{"qubely_global_settings":"","qubely_interactions":"","inline_featured_image":false,"_uag_custom_page_level_css":"","footnotes":""},"class_list":["post-1050","page","type-page","status-publish","hentry"],"uagb_featured_image_src":{"full":false,"thumbnail":false,"medium":false,"medium_large":false,"large":false,"1536x1536":false,"2048x2048":false,"qubely_landscape":false,"qubely_portrait":false,"qubely_thumbnail":false},"uagb_author_info":{"display_name":"wp_admin","author_link":"https:\/\/wp.blasmusik-gebenbach.de\/?author=1"},"uagb_comment_info":0,"uagb_excerpt":"Impressum undInformationen zum Datenschutz Angaben gem\u00e4\u00df \u00a7 5 TMG Blasmusik Gebenbach e. V. Godlricht 7 92256 Hahnbach Vertreten durch Simon L\u00f6sch, Vorsitzender Johannes Gottschalk, stellvertretender&hellip;","_links":{"self":[{"href":"https:\/\/wp.blasmusik-gebenbach.de\/index.php?rest_route=\/wp\/v2\/pages\/1050","targetHints":{"allow":["GET"]}}],"collection":[{"href":"https:\/\/wp.blasmusik-gebenbach.de\/index.php?rest_route=\/wp\/v2\/pages"}],"about":[{"href":"https:\/\/wp.blasmusik-gebenbach.de\/index.php?rest_route=\/wp\/v2\/types\/page"}],"author":[{"embeddable":true,"href":"https:\/\/wp.blasmusik-gebenbach.de\/index.php?rest_route=\/wp\/v2\/users\/1"}],"replies":[{"embeddable":true,"href":"https:\/\/wp.blasmusik-gebenbach.de\/index.php?rest_route=%2Fwp%2Fv2%2Fcomments&post=1050"}],"version-history":[{"count":3,"href":"https:\/\/wp.blasmusik-gebenbach.de\/index.php?rest_route=\/wp\/v2\/pages\/1050\/revisions"}],"predecessor-version":[{"id":3322,"href":"https:\/\/wp.blasmusik-gebenbach.de\/index.php?rest_route=\/wp\/v2\/pages\/1050\/revisions\/3322"}],"wp:attachment":[{"href":"https:\/\/wp.blasmusik-gebenbach.de\/index.php?rest_route=%2Fwp%2Fv2%2Fmedia&parent=1050"}],"curies":[{"name":"wp","href":"https:\/\/api.w.org\/{rel}","templated":true}]}}