{"id":46,"date":"2020-02-19T09:08:12","date_gmt":"2020-02-19T08:08:12","guid":{"rendered":"https:\/\/wp.blasmusik-gebenbach.de\/?page_id=46"},"modified":"2024-02-25T10:51:00","modified_gmt":"2024-02-25T09:51:00","slug":"herzensblecher","status":"publish","type":"page","link":"https:\/\/wp.blasmusik-gebenbach.de\/?page_id=46","title":{"rendered":"Die Herzensblecher"},"content":{"rendered":"\n<div class=\"wp-block-uagb-advanced-heading uagb-block-9fc912dd\"><h1 class=\"uagb-heading-text\">Die Herzensblecher<\/h1><div class=\"uagb-separator\"><\/div><\/div>\n\n\n\n<p>Wie die Legende erz\u00e4hlt wurde die Idee zur Gr\u00fcndung eines  Blechbl\u00e4serensembles beim Besuch eines bekannten Schnellimbisses in  Amberg geboren. Im Herbst 2010 hatte sich dann ein Gruppe engagierter  Musiker aus den Reihen der Blasmusik Gebenbach zusammengetan, um sich  neuen Herausforderungen musikalischer Art zu stellen. <\/p>\n\n\n<div class=\"wp-block-image\">\n<figure class=\"aligncenter size-full is-resized\"><a href=\"https:\/\/wp.blasmusik-gebenbach.de\/wp-content\/uploads\/Herzensblecher.jpg\" data-rel=\"lightbox-image-0\" data-magnific_type=\"image\" data-rl_title=\"\" data-rl_caption=\"\" title=\"\"><img loading=\"lazy\" decoding=\"async\" width=\"1000\" height=\"493\" src=\"https:\/\/wp.blasmusik-gebenbach.de\/wp-content\/uploads\/Herzensblecher.jpg\" alt=\"\" class=\"wp-image-1170\" style=\"width:600px;height:296px\" srcset=\"https:\/\/wp.blasmusik-gebenbach.de\/wp-content\/uploads\/Herzensblecher.jpg 1000w, https:\/\/wp.blasmusik-gebenbach.de\/wp-content\/uploads\/Herzensblecher-300x148.jpg 300w, https:\/\/wp.blasmusik-gebenbach.de\/wp-content\/uploads\/Herzensblecher-768x379.jpg 768w\" sizes=\"auto, (max-width: 1000px) 100vw, 1000px\" \/><\/a><\/figure>\n<\/div>\n\n\n<p>Da wir die Sache recht ernst nehmen, musste auch ein pr\u00e4gnanter Name  her. Nachdem sich die Namensfindungskommission den Kopf zerbrochen hatte  und eine lange Liste von Namensvorschl\u00e4gen erarbeitet hatte, wurde \u201cDie  Herzensblecher\u201d in einem mehrere Wahlg\u00e4nge dauernden demokratischen  Prozess ausgew\u00e4hlt. Inzwischen haben sich auch die Mitglieder an den  Namen gew\u00f6hnt, die anfangs andere Vorschl\u00e4ge favorisiert hatten (gell,  Annette ;-). <\/p>\n\n\n\n<p>Als erstes Ziel wurde die Mitwirkung am Fr\u00fchjahrskonzert 2011 mit  einigen Musikst\u00fccken gesteckt. Schnell gesellten sich dann weitere  Auftritte bei (Kirchen-)konzerten, Gottesdiensten, Familienfeiern und  Empf\u00e4ngen dazu. <\/p>\n\n\n\n<p>Zu unserem Repertoire geh\u00f6rt Musik aus den Bereichen Klassik, geistliche  Literatur, Bearbeitungen popul\u00e4rer Musikrichtungen wie Pop, Rock und  Gospels au\u00dferdem auch traditionelle Blas- und Tanzmusik, wie sie in der Oberpfalz und ganz Bayern beheimatet ist.<\/p>\n\n\n<div class=\"wp-block-image\">\n<figure class=\"aligncenter size-large is-resized\"><a href=\"https:\/\/wp.blasmusik-gebenbach.de\/wp-content\/uploads\/Herzensblecher2.jpg\" data-rel=\"lightbox-image-1\" data-magnific_type=\"image\" data-rl_title=\"Herzensblecher\" data-rl_caption=\"\" title=\"Herzensblecher\"><img loading=\"lazy\" decoding=\"async\" width=\"1024\" height=\"641\" src=\"https:\/\/wp.blasmusik-gebenbach.de\/wp-content\/uploads\/Herzensblecher2-1024x641.jpg\" alt=\"Herzensblecher\" class=\"wp-image-2149\" style=\"width:768px;height:481px\" srcset=\"https:\/\/wp.blasmusik-gebenbach.de\/wp-content\/uploads\/Herzensblecher2-1024x641.jpg 1024w, https:\/\/wp.blasmusik-gebenbach.de\/wp-content\/uploads\/Herzensblecher2-300x188.jpg 300w, https:\/\/wp.blasmusik-gebenbach.de\/wp-content\/uploads\/Herzensblecher2-768x480.jpg 768w, https:\/\/wp.blasmusik-gebenbach.de\/wp-content\/uploads\/Herzensblecher2-1536x961.jpg 1536w, https:\/\/wp.blasmusik-gebenbach.de\/wp-content\/uploads\/Herzensblecher2-1200x750.jpg 1200w, https:\/\/wp.blasmusik-gebenbach.de\/wp-content\/uploads\/Herzensblecher2.jpg 1920w\" sizes=\"auto, (max-width: 1024px) 100vw, 1024px\" \/><\/a><figcaption class=\"wp-element-caption\">Herzensblecher<\/figcaption><\/figure>\n<\/div>\n\n\n<p>Zu unseren regelm\u00e4ssigen Auftritten z\u00e4hlt der &#8222;Tanz in den Mai&#8220;, der &#8222;Kathreinabend&#8220; oder die Gestaltung eines Gottesdienstes zum Mausbergfest.<\/p>\n\n\n\n<p>Kostproben unserer Musik finden sie auf Youtube.<\/p>\n\n\n\n<div class=\"wp-block-qubely-wrapper qubely-block-69b9ad\"><div class=\"qubely-block-wrapper-block \">\n<section class=\"wp-block-uagb-columns uagb-columns__wrap uagb-columns__background-none uagb-columns__stack-mobile uagb-columns__valign-center uagb-columns__gap-10 align uagb-block-b33b6058 uagb-columns__columns-2 uagb-columns__max_width-theme\"><div class=\"uagb-columns__overlay\"><\/div><div class=\"uagb-columns__inner-wrap uagb-columns__columns-2\">\n<div class=\"wp-block-uagb-column uagb-column__wrap uagb-column__background-undefined uagb-block-a2f4bb31\"><div class=\"uagb-column__overlay\"><\/div>\n<p>Die Herzensblecher sind:<\/p>\n\n\n\n<ul class=\"wp-block-list\">\n<li>Gary B\u00f6ller: Waldhorn und Leiter unseres Haufens<\/li>\n\n\n\n<li>Markus Sch\u00f6pf: Trompete, Fl\u00fcgelhorn<\/li>\n\n\n\n<li>Johannes Gottschalk: Trompete<\/li>\n\n\n\n<li>Andreas Rumpler: Trompete, Fl\u00fcgelhorn<\/li>\n\n\n\n<li>Annette Sch\u00f6pf: Tenorhorn, Horn, Trompete<\/li>\n\n\n\n<li>Sebastian Lobenhofer: Posaune<\/li>\n\n\n\n<li>Lukas Wei\u00df Tenorhorn<\/li>\n\n\n\n<li>J\u00fcrgen Lindner: Bariton, Tuba<\/li>\n\n\n\n<li>Florian Giehrl: Tuba<\/li>\n<\/ul>\n<\/div>\n\n\n\n<div class=\"wp-block-uagb-column uagb-column__wrap uagb-column__background-undefined uagb-block-a51cd534\"><div class=\"uagb-column__overlay\"><\/div><div class=\"wp-block-image\">\n<figure class=\"alignright size-large\"><a href=\"https:\/\/wp.blasmusik-gebenbach.de\/wp-content\/uploads\/Herzensblecher_Logo.svg\" target=\"_blank\" rel=\"noreferrer noopener\"><img loading=\"lazy\" decoding=\"async\" width=\"850\" height=\"500\" src=\"https:\/\/wp.blasmusik-gebenbach.de\/wp-content\/uploads\/Herzensblecher_Logo.svg\" alt=\"Die Herzensblecher Logo\" class=\"wp-image-1430\"\/><\/a><\/figure>\n<\/div><\/div>\n<\/div><\/section>\n<\/div><\/div>\n\n\n\n<div style=\"height:35px\" aria-hidden=\"true\" class=\"wp-block-spacer\"><\/div>\n\n\n\n<div class=\"wp-block-uagb-marketing-button uagb-marketing-btn__align-center uagb-marketing-btn__align-text-center uagb-marketing-btn__icon-before uagb-block-c7ac8f54 wp-block-button\"><a href=\"mailto:herzensblecher@blasmusik-gebenbach.de\" class=\"uagb-marketing-btn__link wp-block-button__link\" target=\"\" rel=\"noopener noreferrer\"><svg xmlns=\"https:\/\/www.w3.org\/2000\/svg\" viewBox=\"0 0 512 512\"><path d=\"M256 0C114.6 0 0 114.6 0 256c0 141.4 114.6 256 256 256s256-114.6 256-256C512 114.6 397.4 0 256 0zM406.6 278.6l-103.1 103.1c-12.5 12.5-32.75 12.5-45.25 0s-12.5-32.75 0-45.25L306.8 288H128C110.3 288 96 273.7 96 256s14.31-32 32-32h178.8l-49.38-49.38c-12.5-12.5-12.5-32.75 0-45.25s32.75-12.5 45.25 0l103.1 103.1C414.6 241.3 416 251.1 416 256C416 260.9 414.6 270.7 406.6 278.6z\"><\/path><\/svg><span class=\"uagb-marketing-btn__title\">Nehmen sie mit uns Kontakt auf<\/span><\/a><\/div>\n\n\n\n<div class=\"wp-block-qubely-icon qubely-block-b4f10d\"><div class=\"qubely-block-icon-wrapper \"><div class=\"qubely-block-icon\"><a class=\"qubely-icon-block-anchor\" href=\"javascript:self.scrollTo(0,0);\"><i class=\"fas fa-angle-up\"><\/i><\/a><\/div><\/div><\/div>\n","protected":false},"excerpt":{"rendered":"<p>Die Herzensblecher Wie die Legende erz\u00e4hlt wurde die Idee zur Gr\u00fcndung eines Blechbl\u00e4serensembles beim Besuch eines bekannten Schnellimbisses in Amberg geboren. Im Herbst 2010 hatte&hellip;<\/p>\n","protected":false},"author":1,"featured_media":0,"parent":0,"menu_order":0,"comment_status":"closed","ping_status":"closed","template":"","meta":{"qubely_global_settings":"","qubely_interactions":"","inline_featured_image":false,"_uag_custom_page_level_css":"","footnotes":""},"class_list":["post-46","page","type-page","status-publish","hentry"],"uagb_featured_image_src":{"full":false,"thumbnail":false,"medium":false,"medium_large":false,"large":false,"1536x1536":false,"2048x2048":false,"qubely_landscape":false,"qubely_portrait":false,"qubely_thumbnail":false},"uagb_author_info":{"display_name":"wp_admin","author_link":"https:\/\/wp.blasmusik-gebenbach.de\/?author=1"},"uagb_comment_info":0,"uagb_excerpt":"Die Herzensblecher Wie die Legende erz\u00e4hlt wurde die Idee zur Gr\u00fcndung eines Blechbl\u00e4serensembles beim Besuch eines bekannten Schnellimbisses in Amberg geboren. Im Herbst 2010 hatte&hellip;","_links":{"self":[{"href":"https:\/\/wp.blasmusik-gebenbach.de\/index.php?rest_route=\/wp\/v2\/pages\/46","targetHints":{"allow":["GET"]}}],"collection":[{"href":"https:\/\/wp.blasmusik-gebenbach.de\/index.php?rest_route=\/wp\/v2\/pages"}],"about":[{"href":"https:\/\/wp.blasmusik-gebenbach.de\/index.php?rest_route=\/wp\/v2\/types\/page"}],"author":[{"embeddable":true,"href":"https:\/\/wp.blasmusik-gebenbach.de\/index.php?rest_route=\/wp\/v2\/users\/1"}],"replies":[{"embeddable":true,"href":"https:\/\/wp.blasmusik-gebenbach.de\/index.php?rest_route=%2Fwp%2Fv2%2Fcomments&post=46"}],"version-history":[{"count":24,"href":"https:\/\/wp.blasmusik-gebenbach.de\/index.php?rest_route=\/wp\/v2\/pages\/46\/revisions"}],"predecessor-version":[{"id":3572,"href":"https:\/\/wp.blasmusik-gebenbach.de\/index.php?rest_route=\/wp\/v2\/pages\/46\/revisions\/3572"}],"wp:attachment":[{"href":"https:\/\/wp.blasmusik-gebenbach.de\/index.php?rest_route=%2Fwp%2Fv2%2Fmedia&parent=46"}],"curies":[{"name":"wp","href":"https:\/\/api.w.org\/{rel}","templated":true}]}}