{"id":52,"date":"2020-02-19T09:09:03","date_gmt":"2020-02-19T08:09:03","guid":{"rendered":"https:\/\/wp.blasmusik-gebenbach.de\/?page_id=52"},"modified":"2025-09-11T08:51:34","modified_gmt":"2025-09-11T06:51:34","slug":"mitmachen","status":"publish","type":"page","link":"https:\/\/wp.blasmusik-gebenbach.de\/?page_id=52","title":{"rendered":"Mitmachen"},"content":{"rendered":"\n<div class=\"wp-block-uagb-advanced-heading uagb-block-87fee1e1\"><h1 class=\"uagb-heading-text\">Mitmachen<\/h1><div class=\"uagb-separator\"><\/div><\/div>\n\n\n\n<section class=\"wp-block-uagb-columns uagb-columns__wrap uagb-columns__background-none uagb-columns__stack-mobile uagb-columns__valign-center uagb-columns__gap-0 align uagb-block-cc5388bc uagb-columns__columns-2 uagb-columns__max_width-theme\"><div class=\"uagb-columns__overlay\"><\/div><div class=\"uagb-columns__inner-wrap uagb-columns__columns-2\">\n<div class=\"wp-block-uagb-column uagb-column__wrap uagb-column__background-undefined uagb-block-4a795dee\"><div class=\"uagb-column__overlay\"><\/div>\n<p class=\"weight500 has-normal-font-size\">Wir sind jederzeit auf der Suche nach neuen Mitspielern, die Lust haben,  mit netten Leuten zusammen in angenehmer Atmosph\u00e4re abwechslungsreiche  Musik zu machen. <\/p>\n\n\n\n<p><\/p>\n<\/div>\n\n\n\n<div class=\"wp-block-uagb-column uagb-column__wrap uagb-column__background-undefined uagb-block-92c82e98\"><div class=\"uagb-column__overlay\"><\/div><div class=\"wp-block-image\">\n<figure class=\"aligncenter size-full\"><img loading=\"lazy\" decoding=\"async\" width=\"250\" height=\"188\" src=\"https:\/\/wp.blasmusik-gebenbach.de\/wp-content\/uploads\/mitmachen.jpg\" alt=\"\" class=\"wp-image-745\"\/><\/figure>\n<\/div><\/div>\n<\/div><\/section>\n\n\n\n<h4 class=\"wp-block-heading\"><strong>Sie spielen bereits ein Instrument? <\/strong><\/h4>\n\n\n\n<section class=\"wp-block-uagb-section uagb-section__wrap uagb-section__background-undefined uagb-block-71113f64\"><div class=\"uagb-section__overlay\"><\/div><div class=\"uagb-section__inner-wrap\">\n<p>Besuchen Sie uns doch einfach unverbindlich in einer unserer Proben.  Wir proben i.d.R. Jeden Samstag von 20 Uhr bis 21.30 Uhr im Pfarrsaal  in Gebenbach (Ortsmitte). Vorher finden bei Bedarf ab 18.30 Uhr im Wechsel Registerproben statt. <\/p>\n<\/div><\/section>\n\n\n\n<h4 class=\"wp-block-heading\"><strong>Sie suchen f\u00fcr Ihre Kinder eine sinnvolle Freizeitbesch\u00e4ftigung? Sie wollen selbst musikalisch aktiv werden? <\/strong><\/h4>\n\n\n\n<section class=\"wp-block-uagb-section uagb-section__wrap uagb-section__background-undefined uagb-block-c3e57ee9\"><div class=\"uagb-section__overlay\"><\/div><div class=\"uagb-section__inner-wrap\">\n<p>Laufend bieten wir zu g\u00fcnstigen Konditionen musikalische Ausbildung f\u00fcr jedes Alter an. N\u00e4heres erfahren Sie in der Rubrik <a href=\"https:\/\/wp.blasmusik-gebenbach.de\/?page_id=48\"><strong>Ausbildung<\/strong>.<\/a><\/p>\n<\/div><\/section>\n\n\n\n<h4 class=\"wp-block-heading\"><strong>Unterst\u00fctzen Sie die Blasmusik Gebenbach als f\u00f6rderndes Mitglied <\/strong><\/h4>\n\n\n\n<section class=\"wp-block-uagb-section uagb-section__wrap uagb-section__background-undefined uagb-block-4903f7b7\"><div class=\"uagb-section__overlay\"><\/div><div class=\"uagb-section__inner-wrap\">\n<p>Wie alle gemeinn\u00fctzigen Vereine, so hat auch die Blasmusik Gebenbach  eine wichtige Aufgabe im sozialen Leben der Gemeinde Gebenbach. Wir  bieten mit unserer Blasmusik nicht nur ein kulturelles Programm, wir  bilden auch Kinder und Jugendliche aus und f\u00f6rdern damit ihre  Musikalit\u00e4t und soziale Kompetenz. <\/p>\n\n\n\n<p>Die Nachwuchsausbildung ist ein zentrales Anliegen unserer Vereinsarbeit und sichert die Zukunft unseres Orchesters. Wenn Sie uns dabei unterst\u00fctzen wollen, dann werden Sie doch passives Mitglied! Der Mitgliedsbeitrag betr\u00e4gt 18 Euro pro Jahr \u2013 f\u00fcr Sie ein kleiner Obolus &#8211; f\u00fcr uns eine wichtige Unterst\u00fctzung unserer Jugendarbeit. Die <a href=\"https:\/\/wp.blasmusik-gebenbach.de\/wp-content\/uploads\/Beitritt_BMG_2025.pdf\" target=\"_blank\" rel=\"noreferrer noopener\"><strong>Beitrittserkl\u00e4rung<\/strong> <\/a>k\u00f6nnen Sie <a href=\"https:\/\/wp.blasmusik-gebenbach.de\/wp-content\/uploads\/Beitritt_BMG_2025.pdf\" target=\"_blank\" rel=\"noreferrer noopener\">hier <\/a>herunterladen.<\/p>\n<\/div><\/section>\n\n\n\n<section class=\"wp-block-uagb-columns uagb-columns__wrap uagb-columns__background-color uagb-columns__stack-none uagb-columns__valign-center uagb-columns__gap-0 align uagb-block-9b829c0b uagb-columns__columns-2 uagb-columns__max_width-custom\"><div class=\"uagb-columns__overlay\"><\/div><div class=\"uagb-columns__inner-wrap uagb-columns__columns-2\">\n<div class=\"wp-block-uagb-column uagb-column__wrap uagb-column__background-undefined uagb-block-0ce2f58d\"><div class=\"uagb-column__overlay\"><\/div>\n<div class=\"wp-block-qubely-icon qubely-block-edc077\"><div class=\"qubely-block-icon-wrapper \"><div class=\"qubely-block-icon\"><i class=\"fas fa-hand-point-right\"><\/i><\/div><\/div><\/div>\n<\/div>\n\n\n\n<div class=\"wp-block-uagb-column uagb-column__wrap uagb-column__background-undefined uagb-block-3eeb0897\"><div class=\"uagb-column__overlay\"><\/div>\n<p class=\"has-text-color\" style=\"color:#ffffff\"> Spenden (leider nicht den Mitgliedsbeitrag) f\u00fcr unsere Arbeit k\u00f6nnen Sie \u00fcbrigens steuerlich absetzen. <\/p>\n<\/div>\n<\/div><\/section>\n\n\n\n<p><\/p>\n","protected":false},"excerpt":{"rendered":"<p>Mitmachen Wir sind jederzeit auf der Suche nach neuen Mitspielern, die Lust haben, mit netten Leuten zusammen in angenehmer Atmosph\u00e4re abwechslungsreiche Musik zu machen. Sie&hellip;<\/p>\n","protected":false},"author":1,"featured_media":0,"parent":0,"menu_order":0,"comment_status":"closed","ping_status":"closed","template":"","meta":{"qubely_global_settings":"","qubely_interactions":"","inline_featured_image":false,"_uag_custom_page_level_css":"","footnotes":""},"class_list":["post-52","page","type-page","status-publish","hentry"],"uagb_featured_image_src":{"full":false,"thumbnail":false,"medium":false,"medium_large":false,"large":false,"1536x1536":false,"2048x2048":false,"qubely_landscape":false,"qubely_portrait":false,"qubely_thumbnail":false},"uagb_author_info":{"display_name":"wp_admin","author_link":"https:\/\/wp.blasmusik-gebenbach.de\/?author=1"},"uagb_comment_info":0,"uagb_excerpt":"Mitmachen Wir sind jederzeit auf der Suche nach neuen Mitspielern, die Lust haben, mit netten Leuten zusammen in angenehmer Atmosph\u00e4re abwechslungsreiche Musik zu machen. Sie&hellip;","_links":{"self":[{"href":"https:\/\/wp.blasmusik-gebenbach.de\/index.php?rest_route=\/wp\/v2\/pages\/52","targetHints":{"allow":["GET"]}}],"collection":[{"href":"https:\/\/wp.blasmusik-gebenbach.de\/index.php?rest_route=\/wp\/v2\/pages"}],"about":[{"href":"https:\/\/wp.blasmusik-gebenbach.de\/index.php?rest_route=\/wp\/v2\/types\/page"}],"author":[{"embeddable":true,"href":"https:\/\/wp.blasmusik-gebenbach.de\/index.php?rest_route=\/wp\/v2\/users\/1"}],"replies":[{"embeddable":true,"href":"https:\/\/wp.blasmusik-gebenbach.de\/index.php?rest_route=%2Fwp%2Fv2%2Fcomments&post=52"}],"version-history":[{"count":9,"href":"https:\/\/wp.blasmusik-gebenbach.de\/index.php?rest_route=\/wp\/v2\/pages\/52\/revisions"}],"predecessor-version":[{"id":3920,"href":"https:\/\/wp.blasmusik-gebenbach.de\/index.php?rest_route=\/wp\/v2\/pages\/52\/revisions\/3920"}],"wp:attachment":[{"href":"https:\/\/wp.blasmusik-gebenbach.de\/index.php?rest_route=%2Fwp%2Fv2%2Fmedia&parent=52"}],"curies":[{"name":"wp","href":"https:\/\/api.w.org\/{rel}","templated":true}]}}