{"id":567,"date":"2020-02-21T10:27:29","date_gmt":"2020-02-21T09:27:29","guid":{"rendered":"https:\/\/wp.blasmusik-gebenbach.de\/?page_id=567"},"modified":"2026-01-17T08:55:30","modified_gmt":"2026-01-17T07:55:30","slug":"kontakt","status":"publish","type":"page","link":"https:\/\/wp.blasmusik-gebenbach.de\/?page_id=567","title":{"rendered":"Vorstand"},"content":{"rendered":"\n<div class=\"wp-block-uagb-advanced-heading uagb-block-bcb5d4db\" id=\"Top\"><h1 class=\"uagb-heading-text\">Unsere Vorstandschaft<\/h1><\/div>\n\n\n\n<p>Haben sie Fragen zu unserem Verein oder m\u00f6chten sie unseren Vorstand Simon L\u00f6sch erreichen?<\/p>\n\n\n\n<div class=\"wp-block-qubely-wrapper qubely-block-16fa31\"><div class=\"qubely-block-wrapper-block \">\n<div class=\"wp-block-uagb-icon-list uagb-block-e6ad1e69 uagb-icon-list__outer-wrap uagb-icon-list__layout-vertical uagb-icon-list__icon-at-top\"><div class=\"uagb-icon-list__wrap\">\n<div class=\"wp-block-uagb-icon-list-child uagb-block-d6bd6355\"><a target=\"_self\" aria-label=\"Blasmusik Gebenbach e.V.1. Vorsitzender Simon L\u00f6sch\" rel=\"noopener noreferrer\" href=\"#\"> <\/a><span class=\"uagb-icon-list__source-wrap\"><svg xmlns=\"https:\/\/www.w3.org\/2000\/svg\" viewBox=\"0 0 384 512\"><path d=\"M336 0h-288c-26.51 0-48 21.49-48 48v416C0 490.5 21.49 512 48 512h288c26.51 0 48-21.49 48-48v-416C384 21.49 362.5 0 336 0zM192 128c35.35 0 64 28.65 64 64s-28.65 64-64 64S128 227.3 128 192S156.7 128 192 128zM288 384H96c-8.836 0-16-7.164-16-16C80 323.8 115.8 288 160 288h64c44.18 0 80 35.82 80 80C304 376.8 296.8 384 288 384z\"><\/path><\/svg><\/span><span class=\"uagb-icon-list__label\">Blasmusik Gebenbach e.V.<br>1. Vorsitzender Simon L\u00f6sch<\/span><\/div>\n\n\n\n<div class=\"wp-block-uagb-icon-list-child uagb-block-29e9a8a5\"><a target=\"_self\" aria-label=\"Godlricht 792256 Hahnbach\" rel=\"noopener noreferrer\" href=\"#\"> <\/a><span class=\"uagb-icon-list__source-wrap\"><svg xmlns=\"https:\/\/www.w3.org\/2000\/svg\" viewBox=\"0 0 384 512\"><path d=\"M168.3 499.2C116.1 435 0 279.4 0 192C0 85.96 85.96 0 192 0C298 0 384 85.96 384 192C384 279.4 267 435 215.7 499.2C203.4 514.5 180.6 514.5 168.3 499.2H168.3zM192 256C227.3 256 256 227.3 256 192C256 156.7 227.3 128 192 128C156.7 128 128 156.7 128 192C128 227.3 156.7 256 192 256z\"><\/path><\/svg><\/span><span class=\"uagb-icon-list__label\">Godlricht 7<br>92256 Hahnbach<\/span><\/div>\n\n\n\n<div class=\"wp-block-uagb-icon-list-child uagb-block-d77a6c90\"><a target=\"_self\" aria-label=\"0160-2432147\" rel=\"noopener noreferrer\" href=\"#\"> <\/a><span class=\"uagb-icon-list__source-wrap\"><svg xmlns=\"https:\/\/www.w3.org\/2000\/svg\" viewBox=\"0 0 512 512\"><path d=\"M284.6 181.9c-10.28-8.344-25.41-6.875-33.75 3.406C242.4 195.6 243.9 210.7 254.2 219.1c11.31 9.25 17.81 22.69 17.81 36.87c0 14.19-6.5 27.62-17.81 36.87c-10.28 8.406-11.78 23.53-3.375 33.78c4.719 5.812 11.62 8.812 18.56 8.812c5.344 0 10.75-1.781 15.19-5.406c22.53-18.44 35.44-45.4 35.44-74.05S307.1 200.4 284.6 181.9zM345.1 107.1c-10.22-8.344-25.34-6.907-33.78 3.343c-8.406 10.25-6.906 25.37 3.344 33.78c33.88 27.78 53.31 68.18 53.31 110.9s-19.44 83.09-53.31 110.9c-10.25 8.406-11.75 23.53-3.344 33.78c4.75 5.781 11.62 8.781 18.56 8.781c5.375 0 10.75-1.781 15.22-5.438C390.2 367.1 416 313.1 416 255.1S390.2 144.9 345.1 107.1zM406.4 33.15c-10.22-8.344-25.34-6.875-33.78 3.344c-8.406 10.25-6.906 25.37 3.344 33.78C431.9 116.1 464 183.8 464 255.1s-32.09 139.9-88.06 185.7c-10.25 8.406-11.75 23.53-3.344 33.78c4.75 5.781 11.62 8.781 18.56 8.781c5.375 0 10.75-1.781 15.22-5.438C473.5 423.8 512 342.6 512 255.1S473.5 88.15 406.4 33.15zM151.3 174.6C161.1 175.6 172.1 169.5 176 159.6l33.75-84.38C214 64.35 209.1 51.1 200.2 45.86l-67.47-42.17C123.2-2.289 110.9-.8945 102.9 7.08C-34.32 144.3-34.31 367.7 102.9 504.9c7.982 7.984 20.22 9.379 29.75 3.402l67.48-42.19c9.775-6.104 13.9-18.47 9.598-29.3L176 352.5c-3.945-9.963-14.14-16.11-24.73-14.97l-53.24 5.314C78.89 286.7 78.89 225.4 98.06 169.3L151.3 174.6z\"><\/path><\/svg><\/span><span class=\"uagb-icon-list__label\">0160-2432147<\/span><\/div>\n\n\n\n<div class=\"wp-block-uagb-icon-list-child uagb-block-e066935c\"><a target=\"_blank\" aria-label=\"vorstand@blasmusik-gebenbach.de\" rel=\"noopener noreferrer\" href=\"mailto:vorstand@blasmusik-gebenbach.de\"> <\/a><span class=\"uagb-icon-list__source-wrap\"><svg xmlns=\"https:\/\/www.w3.org\/2000\/svg\" viewBox=\"0 0 512 512\"><path d=\"M464 64C490.5 64 512 85.49 512 112C512 127.1 504.9 141.3 492.8 150.4L275.2 313.6C263.8 322.1 248.2 322.1 236.8 313.6L19.2 150.4C7.113 141.3 0 127.1 0 112C0 85.49 21.49 64 48 64H464zM217.6 339.2C240.4 356.3 271.6 356.3 294.4 339.2L512 176V384C512 419.3 483.3 448 448 448H64C28.65 448 0 419.3 0 384V176L217.6 339.2z\"><\/path><\/svg><\/span><span class=\"uagb-icon-list__label\">vorstand@blasmusik-gebenbach.de<\/span><\/div>\n<\/div><\/div>\n<\/div><\/div>\n\n\n\n<div style=\"height:57px\" aria-hidden=\"true\" class=\"wp-block-spacer\"><\/div>\n\n\n\n<h3 class=\"wp-block-heading\" id=\"4--zu-unserem-repertoire-geh%C3%B6rt-%0A\"><strong>Die Vorstandschaft<\/strong><\/h3>\n\n\n\n<p>Die ausschlie\u00dflich ehrenamtlichen Mitglieder unserer Vorstandschaft werden alle 3 Jahre neu gew\u00e4hlt. Im Moment besteht sie aus:<\/p>\n\n\n\n<section class=\"wp-block-uagb-columns uagb-columns__wrap uagb-columns__background-none uagb-columns__stack-mobile uagb-columns__valign-top uagb-columns__gap-0 align uagb-block-8564cacc uagb-columns__columns-2 uagb-columns__max_width-theme\"><div class=\"uagb-columns__overlay\"><\/div><div class=\"uagb-columns__inner-wrap uagb-columns__columns-2\">\n<div class=\"wp-block-uagb-column uagb-column__wrap uagb-column__background-undefined uagb-block-089e9a99\"><div class=\"uagb-column__overlay\"><\/div>\n<div class=\"wp-block-qubely-team qubely-block-3a1b0b\"><div class=\"qubely-block-team  qubely-team-layout-3\"><div class=\"qubely-team-image-wrapper\"><img decoding=\"async\" class=\"qubely-team-image\" src=\"https:\/\/wp.blasmusik-gebenbach.de\/wp-content\/uploads\/Simon-L\u00f6sch.jpg\" srcset=\"\" alt=\"Simon L\u00f6sch\"\/><\/div><div class=\"qubely-team-content\"><div class=\"qubely-team-content-inner\"><span class=\"qubely-team-name\">Simon L\u00f6sch<\/span><div class=\"qubely-team-designation-container\"><span class=\"qubely-team-designation\">1. Vorsitzender<\/span><\/div><div class=\"qubely-team-information\"><div class=\"qubely-team-information-phone\"><span>Tel. 0160-2432147<\/span><\/div><div class=\"qubely-team-information-email\"><span>vorstand@blasmusik-gebenbach.de<\/span><\/div><\/div><\/div><\/div><\/div><\/div>\n<\/div>\n\n\n\n<div class=\"wp-block-uagb-column uagb-column__wrap uagb-column__background-undefined uagb-block-fe37e713\"><div class=\"uagb-column__overlay\"><\/div>\n<div class=\"wp-block-qubely-team qubely-block-a3dcad\"><div class=\"qubely-block-team  qubely-team-layout-3\"><div class=\"qubely-team-image-wrapper\"><img decoding=\"async\" class=\"qubely-team-image\" src=\"https:\/\/wp.blasmusik-gebenbach.de\/wp-content\/uploads\/Johannes-Gottschalk.jpg\" srcset=\"\" alt=\"Johannes Gottschalk\"\/><\/div><div class=\"qubely-team-content\"><div class=\"qubely-team-content-inner\"><span class=\"qubely-team-name\">Johannes Gottschalk<\/span><div class=\"qubely-team-designation-container\"><span class=\"qubely-team-designation\">2. Vorsitzender<\/span><\/div><\/div><\/div><\/div><\/div>\n<\/div>\n<\/div><\/section>\n\n\n\n<section class=\"wp-block-uagb-columns uagb-columns__wrap uagb-columns__background-none uagb-columns__stack-mobile uagb-columns__valign-top uagb-columns__gap-0 align uagb-block-a653f351 uagb-columns__columns-2 uagb-columns__max_width-theme\"><div class=\"uagb-columns__overlay\"><\/div><div class=\"uagb-columns__inner-wrap uagb-columns__columns-2\">\n<div class=\"wp-block-uagb-column uagb-column__wrap uagb-column__background-undefined uagb-block-b33c81c4\"><div class=\"uagb-column__overlay\"><\/div>\n<div class=\"wp-block-qubely-team qubely-block-95bdd0\"><div class=\"qubely-block-team  qubely-team-layout-3\"><div class=\"qubely-team-image-wrapper\"><img decoding=\"async\" class=\"qubely-team-image\" src=\"https:\/\/wp.blasmusik-gebenbach.de\/wp-content\/uploads\/Andreas-Rumpler.jpg\" srcset=\"\" alt=\"Andreas Rumpler \"\/><\/div><div class=\"qubely-team-content\"><div class=\"qubely-team-content-inner\"><span class=\"qubely-team-name\">Andreas Rumpler <\/span><div class=\"qubely-team-designation-container\"><span class=\"qubely-team-designation\">Kassier<\/span><\/div><div class=\"qubely-team-information\"><div class=\"qubely-team-information-phone\"><span>Tel. 0179-5369417<\/span><\/div><div class=\"qubely-team-information-email\"><span>andreas.rumpler@blasmusik-gebenbach.de<\/span><\/div><\/div><\/div><\/div><\/div><\/div>\n<\/div>\n\n\n\n<div class=\"wp-block-uagb-column uagb-column__wrap uagb-column__background-undefined uagb-block-2f74950f\"><div class=\"uagb-column__overlay\"><\/div>\n<div class=\"wp-block-qubely-team qubely-block-f8fc3a\"><div class=\"qubely-block-team  qubely-team-layout-3\"><div class=\"qubely-team-image-wrapper\"><img decoding=\"async\" class=\"qubely-team-image\" src=\"https:\/\/wp.blasmusik-gebenbach.de\/wp-content\/uploads\/Anna-Schreglmann.jpg\" srcset=\"\" alt=\"Anna Schreglmann\"\/><\/div><div class=\"qubely-team-content\"><div class=\"qubely-team-content-inner\"><span class=\"qubely-team-name\">Anna Schreglmann<\/span><div class=\"qubely-team-designation-container\"><span class=\"qubely-team-designation\">Schriftf\u00fchrerin<\/span><\/div><\/div><\/div><\/div><\/div>\n<\/div>\n<\/div><\/section>\n\n\n\n<section class=\"wp-block-uagb-columns uagb-columns__wrap uagb-columns__background-none uagb-columns__stack-mobile uagb-columns__valign-top uagb-columns__gap-0 align uagb-block-fbb99e4b uagb-columns__columns-2 uagb-columns__max_width-theme\"><div class=\"uagb-columns__overlay\"><\/div><div class=\"uagb-columns__inner-wrap uagb-columns__columns-2\">\n<div class=\"wp-block-uagb-column uagb-column__wrap uagb-column__background-undefined uagb-block-ed631a33\"><div class=\"uagb-column__overlay\"><\/div>\n<div class=\"wp-block-qubely-team qubely-block-1e4ea5\"><div class=\"qubely-block-team  qubely-team-layout-3\"><div class=\"qubely-team-image-wrapper\"><img decoding=\"async\" class=\"qubely-team-image\" src=\"https:\/\/wp.blasmusik-gebenbach.de\/wp-content\/uploads\/Gerhard-B\u00f6ller.jpg\" srcset=\"\" alt=\"Gerhard B\u00f6ller\"\/><\/div><div class=\"qubely-team-content\"><div class=\"qubely-team-content-inner\"><span class=\"qubely-team-name\">Gerhard B\u00f6ller<\/span><div class=\"qubely-team-designation-container\"><span class=\"qubely-team-designation\">Dirigent<\/span><\/div><\/div><\/div><\/div><\/div>\n<\/div>\n\n\n\n<div class=\"wp-block-uagb-column uagb-column__wrap uagb-column__background-undefined uagb-block-c587941d\"><div class=\"uagb-column__overlay\"><\/div>\n<div class=\"wp-block-qubely-team qubely-block-4f30ec\"><div class=\"qubely-block-team  qubely-team-layout-3\"><div class=\"qubely-team-image-wrapper\"><img decoding=\"async\" class=\"qubely-team-image\" src=\"https:\/\/wp.blasmusik-gebenbach.de\/wp-content\/uploads\/Angelika-Sch\u00f6pf.jpg\" srcset=\"\" alt=\"Angelika Sch\u00f6pf\"\/><\/div><div class=\"qubely-team-content\"><div class=\"qubely-team-content-inner\"><span class=\"qubely-team-name\">Angelika Sch\u00f6pf<\/span><div class=\"qubely-team-designation-container\"><span class=\"qubely-team-designation\">stellv. Dirigentin\/Dirigentin NWO<\/span><\/div><\/div><\/div><\/div><\/div>\n<\/div>\n<\/div><\/section>\n\n\n\n<section class=\"wp-block-uagb-columns uagb-columns__wrap uagb-columns__background-none uagb-columns__stack-mobile uagb-columns__valign-top uagb-columns__gap-0 align uagb-block-e9e70428 uagb-columns__columns-2 uagb-columns__max_width-theme\"><div class=\"uagb-columns__overlay\"><\/div><div class=\"uagb-columns__inner-wrap uagb-columns__columns-2\">\n<div class=\"wp-block-uagb-column uagb-column__wrap uagb-column__background-undefined uagb-block-910fd6ff\"><div class=\"uagb-column__overlay\"><\/div>\n<div class=\"wp-block-qubely-team qubely-block-c596a0\"><div class=\"qubely-block-team  qubely-team-layout-3\"><div class=\"qubely-team-image-wrapper\"><img decoding=\"async\" class=\"qubely-team-image\" src=\"https:\/\/wp.blasmusik-gebenbach.de\/wp-content\/uploads\/Thomas-Freimuth.jpg\" srcset=\"\" alt=\"Thomas Freimuth\"\/><\/div><div class=\"qubely-team-content\"><div class=\"qubely-team-content-inner\"><span class=\"qubely-team-name\">Thomas Freimuth<\/span><div class=\"qubely-team-designation-container\"><span class=\"qubely-team-designation\">Aktivensprecher<\/span><\/div><\/div><\/div><\/div><\/div>\n<\/div>\n\n\n\n<div class=\"wp-block-uagb-column uagb-column__wrap uagb-column__background-undefined uagb-block-cdc1cce7\"><div class=\"uagb-column__overlay\"><\/div>\n<div class=\"wp-block-qubely-team qubely-block-29716e\"><div class=\"qubely-block-team  qubely-team-layout-3\"><div class=\"qubely-team-image-wrapper\"><img decoding=\"async\" class=\"qubely-team-image\" src=\"https:\/\/wp.blasmusik-gebenbach.de\/wp-content\/uploads\/Markus-Schlotmann.jpg\" srcset=\"\" alt=\"Markus Schlotmann\"\/><\/div><div class=\"qubely-team-content\"><div class=\"qubely-team-content-inner\"><span class=\"qubely-team-name\">Markus Schlotmann<\/span><div class=\"qubely-team-designation-container\"><span class=\"qubely-team-designation\">Notenwart<\/span><\/div><\/div><\/div><\/div><\/div>\n<\/div>\n<\/div><\/section>\n\n\n\n<section class=\"wp-block-uagb-columns uagb-columns__wrap uagb-columns__background-none uagb-columns__stack-mobile uagb-columns__valign-top uagb-columns__gap-0 align uagb-block-f2be3b65 uagb-columns__columns-2 uagb-columns__max_width-theme\"><div class=\"uagb-columns__overlay\"><\/div><div class=\"uagb-columns__inner-wrap uagb-columns__columns-2\">\n<div class=\"wp-block-uagb-column uagb-column__wrap uagb-column__background-undefined uagb-block-ed3b31e8\"><div class=\"uagb-column__overlay\"><\/div>\n<div class=\"wp-block-qubely-team qubely-block-f59967\"><div class=\"qubely-block-team  qubely-team-layout-3\"><div class=\"qubely-team-image-wrapper\"><img decoding=\"async\" class=\"qubely-team-image\" src=\"https:\/\/wp.blasmusik-gebenbach.de\/wp-content\/uploads\/Markus-Sch\u00f6pf.jpg\" srcset=\"\" alt=\"Markus Sch\u00f6pf\"\/><\/div><div class=\"qubely-team-content\"><div class=\"qubely-team-content-inner\"><span class=\"qubely-team-name\">Markus Sch\u00f6pf<\/span><div class=\"qubely-team-designation-container\"><span class=\"qubely-team-designation\">Zeugwart<\/span><\/div><\/div><\/div><\/div><\/div>\n<\/div>\n\n\n\n<div class=\"wp-block-uagb-column uagb-column__wrap uagb-column__background-undefined uagb-block-2c6ec37e\"><div class=\"uagb-column__overlay\"><\/div>\n<div class=\"wp-block-qubely-team qubely-block-07f259\"><div class=\"qubely-block-team  qubely-team-layout-3\"><div class=\"qubely-team-image-wrapper\"><img decoding=\"async\" class=\"qubely-team-image\" src=\"https:\/\/wp.blasmusik-gebenbach.de\/wp-content\/uploads\/user-solid.svg\" srcset=\"\" alt=\"Luis Graf\"\/><\/div><div class=\"qubely-team-content\"><div class=\"qubely-team-content-inner\"><span class=\"qubely-team-name\">Luis Graf<\/span><div class=\"qubely-team-designation-container\"><span class=\"qubely-team-designation\">Beisitzer<\/span><\/div><\/div><\/div><\/div><\/div>\n<\/div>\n<\/div><\/section>\n\n\n\n<section class=\"wp-block-uagb-columns uagb-columns__wrap uagb-columns__background-none uagb-columns__stack-mobile uagb-columns__valign-top uagb-columns__gap-0 align uagb-block-ce2274ce uagb-columns__columns-2 uagb-columns__max_width-theme\"><div class=\"uagb-columns__overlay\"><\/div><div class=\"uagb-columns__inner-wrap uagb-columns__columns-2\">\n<div class=\"wp-block-uagb-column uagb-column__wrap uagb-column__background-undefined uagb-block-47fa6c3d\"><div class=\"uagb-column__overlay\"><\/div>\n<div class=\"wp-block-qubely-team qubely-block-dc9b6c\"><div class=\"qubely-block-team  qubely-team-layout-3\"><div class=\"qubely-team-image-wrapper\"><img decoding=\"async\" class=\"qubely-team-image\" src=\"https:\/\/wp.blasmusik-gebenbach.de\/wp-content\/uploads\/Anna-Katharina-Hirmer.jpg\" srcset=\"\" alt=\"Anna-Katharina Hirmer\"\/><\/div><div class=\"qubely-team-content\"><div class=\"qubely-team-content-inner\"><span class=\"qubely-team-name\">Anna-Katharina Hirmer<\/span><div class=\"qubely-team-designation-container\"><span class=\"qubely-team-designation\">Beisitzerin<\/span><\/div><\/div><\/div><\/div><\/div>\n<\/div>\n\n\n\n<div class=\"wp-block-uagb-column uagb-column__wrap uagb-column__background-undefined uagb-block-e02820c0\"><div class=\"uagb-column__overlay\"><\/div>\n<div class=\"wp-block-qubely-team qubely-block-e88b40\"><div class=\"qubely-block-team  qubely-team-layout-3\"><div class=\"qubely-team-image-wrapper\"><img decoding=\"async\" class=\"qubely-team-image\" src=\"https:\/\/wp.blasmusik-gebenbach.de\/wp-content\/uploads\/Lothar-Neuberger.jpg\" srcset=\"\" alt=\"Lothar Neuberger\"\/><\/div><div class=\"qubely-team-content\"><div class=\"qubely-team-content-inner\"><span class=\"qubely-team-name\">Lothar Neuberger<\/span><div class=\"qubely-team-designation-container\"><span class=\"qubely-team-designation\">Beisitzer<\/span><\/div><\/div><\/div><\/div><\/div>\n<\/div>\n<\/div><\/section>\n\n\n\n<section class=\"wp-block-uagb-columns uagb-columns__wrap uagb-columns__background-none uagb-columns__stack-mobile uagb-columns__valign-top uagb-columns__gap-0 align uagb-block-61316c72 uagb-columns__columns-2 uagb-columns__max_width-theme\"><div class=\"uagb-columns__overlay\"><\/div><div class=\"uagb-columns__inner-wrap uagb-columns__columns-2\">\n<div class=\"wp-block-uagb-column uagb-column__wrap uagb-column__background-undefined uagb-block-4e1cca9f\"><div class=\"uagb-column__overlay\"><\/div>\n<div class=\"wp-block-qubely-team qubely-block-e0afdf\"><div class=\"qubely-block-team  qubely-team-layout-3\"><div class=\"qubely-team-image-wrapper\"><img decoding=\"async\" class=\"qubely-team-image\" src=\"https:\/\/wp.blasmusik-gebenbach.de\/wp-content\/uploads\/Martin-Dotzler.jpg\" srcset=\"\" alt=\"Martin Dotzler\"\/><\/div><div class=\"qubely-team-content\"><div class=\"qubely-team-content-inner\"><span class=\"qubely-team-name\">Martin Dotzler<\/span><div class=\"qubely-team-designation-container\"><span class=\"qubely-team-designation\">Beisitzer<\/span><\/div><\/div><\/div><\/div><\/div>\n<\/div>\n\n\n\n<div class=\"wp-block-uagb-column uagb-column__wrap uagb-column__background-undefined uagb-block-ef056bce\"><div class=\"uagb-column__overlay\"><\/div><\/div>\n<\/div><\/section>\n\n\n\n<section class=\"wp-block-uagb-columns uagb-columns__wrap uagb-columns__background-none uagb-columns__stack-mobile uagb-columns__valign-top uagb-columns__gap-0 align uagb-block-d369aedd uagb-columns__columns-2 uagb-columns__max_width-theme\"><div class=\"uagb-columns__overlay\"><\/div><div class=\"uagb-columns__inner-wrap uagb-columns__columns-2\">\n<div class=\"wp-block-uagb-column uagb-column__wrap uagb-column__background-undefined uagb-block-fc9553a8\"><div class=\"uagb-column__overlay\"><\/div>\n<div class=\"wp-block-qubely-team qubely-block-b2d646\"><div class=\"qubely-block-team  qubely-team-layout-3\"><div class=\"qubely-team-image-wrapper\"><img decoding=\"async\" class=\"qubely-team-image\" src=\"https:\/\/wp.blasmusik-gebenbach.de\/wp-content\/uploads\/J\u00fcrgen-Lindner.jpg\" srcset=\"\" alt=\"J\u00fcrgen Lindner\"\/><\/div><div class=\"qubely-team-content\"><div class=\"qubely-team-content-inner\"><span class=\"qubely-team-name\">J\u00fcrgen Lindner<\/span><div class=\"qubely-team-designation-container\"><span class=\"qubely-team-designation\">Kassenpr\u00fcferin<\/span><\/div><\/div><\/div><\/div><\/div>\n<\/div>\n\n\n\n<div class=\"wp-block-uagb-column uagb-column__wrap uagb-column__background-undefined uagb-block-34c1c094\"><div class=\"uagb-column__overlay\"><\/div>\n<div class=\"wp-block-qubely-team qubely-block-ac4141\"><div class=\"qubely-block-team  qubely-team-layout-3\"><div class=\"qubely-team-image-wrapper\"><img decoding=\"async\" class=\"qubely-team-image\" src=\"https:\/\/wp.blasmusik-gebenbach.de\/wp-content\/uploads\/Thomas-Dotzler.jpg\" srcset=\"\" alt=\"Thomas Dotzler\"\/><\/div><div class=\"qubely-team-content\"><div class=\"qubely-team-content-inner\"><span class=\"qubely-team-name\">Thomas Dotzler<\/span><div class=\"qubely-team-designation-container\"><span class=\"qubely-team-designation\"> Kassenpr\u00fcfer <\/span><\/div><\/div><\/div><\/div><\/div>\n<\/div>\n<\/div><\/section>\n\n\n\n<div style=\"height:36px\" aria-hidden=\"true\" class=\"wp-block-spacer\"><\/div>\n\n\n\n<div class=\"wp-block-qubely-icon qubely-block-b4f10d\"><div class=\"qubely-block-icon-wrapper \"><div class=\"qubely-block-icon\"><a class=\"qubely-icon-block-anchor\" href=\"javascript:self.scrollTo(0,0);\"><i class=\"fas fa-angle-up\"><\/i><\/a><\/div><\/div><\/div>\n","protected":false},"excerpt":{"rendered":"<p>Unsere Vorstandschaft Haben sie Fragen zu unserem Verein oder m\u00f6chten sie unseren Vorstand Simon L\u00f6sch erreichen? Die Vorstandschaft Die ausschlie\u00dflich ehrenamtlichen Mitglieder unserer Vorstandschaft werden&hellip;<\/p>\n","protected":false},"author":1,"featured_media":0,"parent":0,"menu_order":0,"comment_status":"closed","ping_status":"closed","template":"","meta":{"qubely_global_settings":"","qubely_interactions":"","inline_featured_image":false,"_uag_custom_page_level_css":"","footnotes":""},"class_list":["post-567","page","type-page","status-publish","hentry"],"uagb_featured_image_src":{"full":false,"thumbnail":false,"medium":false,"medium_large":false,"large":false,"1536x1536":false,"2048x2048":false,"qubely_landscape":false,"qubely_portrait":false,"qubely_thumbnail":false},"uagb_author_info":{"display_name":"wp_admin","author_link":"https:\/\/wp.blasmusik-gebenbach.de\/?author=1"},"uagb_comment_info":0,"uagb_excerpt":"Unsere Vorstandschaft Haben sie Fragen zu unserem Verein oder m\u00f6chten sie unseren Vorstand Simon L\u00f6sch erreichen? Die Vorstandschaft Die ausschlie\u00dflich ehrenamtlichen Mitglieder unserer Vorstandschaft werden&hellip;","_links":{"self":[{"href":"https:\/\/wp.blasmusik-gebenbach.de\/index.php?rest_route=\/wp\/v2\/pages\/567","targetHints":{"allow":["GET"]}}],"collection":[{"href":"https:\/\/wp.blasmusik-gebenbach.de\/index.php?rest_route=\/wp\/v2\/pages"}],"about":[{"href":"https:\/\/wp.blasmusik-gebenbach.de\/index.php?rest_route=\/wp\/v2\/types\/page"}],"author":[{"embeddable":true,"href":"https:\/\/wp.blasmusik-gebenbach.de\/index.php?rest_route=\/wp\/v2\/users\/1"}],"replies":[{"embeddable":true,"href":"https:\/\/wp.blasmusik-gebenbach.de\/index.php?rest_route=%2Fwp%2Fv2%2Fcomments&post=567"}],"version-history":[{"count":19,"href":"https:\/\/wp.blasmusik-gebenbach.de\/index.php?rest_route=\/wp\/v2\/pages\/567\/revisions"}],"predecessor-version":[{"id":4010,"href":"https:\/\/wp.blasmusik-gebenbach.de\/index.php?rest_route=\/wp\/v2\/pages\/567\/revisions\/4010"}],"wp:attachment":[{"href":"https:\/\/wp.blasmusik-gebenbach.de\/index.php?rest_route=%2Fwp%2Fv2%2Fmedia&parent=567"}],"curies":[{"name":"wp","href":"https:\/\/api.w.org\/{rel}","templated":true}]}}