{"id":706,"date":"2020-02-21T17:59:59","date_gmt":"2020-02-21T16:59:59","guid":{"rendered":"https:\/\/wp.blasmusik-gebenbach.de\/?page_id=706"},"modified":"2022-10-25T18:24:13","modified_gmt":"2022-10-25T16:24:13","slug":"aktuelles-2","status":"publish","type":"page","link":"https:\/\/wp.blasmusik-gebenbach.de\/?page_id=706","title":{"rendered":"Aktuelles"},"content":{"rendered":"\n<div class=\"wp-block-uagb-advanced-heading uagb-block-3d2b4694\"><h1 class=\"uagb-heading-text\">Aktuelles aus dem Verein<\/h1><div class=\"uagb-separator\"><\/div><\/div>\n\n\n\n<div class=\"wp-block-uagb-icon-list uagb-block-247d0625 uagb-icon-list__outer-wrap uagb-icon-list__layout-vertical\"><div class=\"uagb-icon-list__wrap\">\n<div class=\"wp-block-uagb-icon-list-child uagb-block-d079907b\"><a target=\"_self\" aria-label=\"Zum Newsletter\" rel=\"noopener noreferrer\" href=\"https:\/\/wp.blasmusik-gebenbach.de\/?page_id=830\"> <\/a><span class=\"uagb-icon-list__source-wrap\"><svg xmlns=\"https:\/\/www.w3.org\/2000\/svg\" viewBox=\"0 0 512 512\"><path d=\"M480 32H128C110.3 32 96 46.33 96 64v336C96 408.8 88.84 416 80 416S64 408.8 64 400V96H32C14.33 96 0 110.3 0 128v288c0 35.35 28.65 64 64 64h384c35.35 0 64-28.65 64-64V64C512 46.33 497.7 32 480 32zM272 416h-96C167.2 416 160 408.8 160 400C160 391.2 167.2 384 176 384h96c8.836 0 16 7.162 16 16C288 408.8 280.8 416 272 416zM272 320h-96C167.2 320 160 312.8 160 304C160 295.2 167.2 288 176 288h96C280.8 288 288 295.2 288 304C288 312.8 280.8 320 272 320zM432 416h-96c-8.836 0-16-7.164-16-16c0-8.838 7.164-16 16-16h96c8.836 0 16 7.162 16 16C448 408.8 440.8 416 432 416zM432 320h-96C327.2 320 320 312.8 320 304C320 295.2 327.2 288 336 288h96C440.8 288 448 295.2 448 304C448 312.8 440.8 320 432 320zM448 208C448 216.8 440.8 224 432 224h-256C167.2 224 160 216.8 160 208v-96C160 103.2 167.2 96 176 96h256C440.8 96 448 103.2 448 112V208z\"><\/path><\/svg><\/span><span class=\"uagb-icon-list__label\">Zum Newsletter<\/span><\/div>\n\n\n\n<div class=\"wp-block-uagb-icon-list-child uagb-block-f29980c9\"><a target=\"_self\" aria-label=\"Termine einsehen\" rel=\"noopener noreferrer\" href=\"https:\/\/wp.blasmusik-gebenbach.de\/?page_id=65\"> <\/a><span class=\"uagb-icon-list__source-wrap\"><svg xmlns=\"https:\/\/www.w3.org\/2000\/svg\" viewBox=\"0 0 448 512\"><path d=\"M160 32V64H288V32C288 14.33 302.3 0 320 0C337.7 0 352 14.33 352 32V64H400C426.5 64 448 85.49 448 112V160H0V112C0 85.49 21.49 64 48 64H96V32C96 14.33 110.3 0 128 0C145.7 0 160 14.33 160 32zM0 192H448V464C448 490.5 426.5 512 400 512H48C21.49 512 0 490.5 0 464V192zM64 304C64 312.8 71.16 320 80 320H112C120.8 320 128 312.8 128 304V272C128 263.2 120.8 256 112 256H80C71.16 256 64 263.2 64 272V304zM192 304C192 312.8 199.2 320 208 320H240C248.8 320 256 312.8 256 304V272C256 263.2 248.8 256 240 256H208C199.2 256 192 263.2 192 272V304zM336 256C327.2 256 320 263.2 320 272V304C320 312.8 327.2 320 336 320H368C376.8 320 384 312.8 384 304V272C384 263.2 376.8 256 368 256H336zM64 432C64 440.8 71.16 448 80 448H112C120.8 448 128 440.8 128 432V400C128 391.2 120.8 384 112 384H80C71.16 384 64 391.2 64 400V432zM208 384C199.2 384 192 391.2 192 400V432C192 440.8 199.2 448 208 448H240C248.8 448 256 440.8 256 432V400C256 391.2 248.8 384 240 384H208zM320 432C320 440.8 327.2 448 336 448H368C376.8 448 384 440.8 384 432V400C384 391.2 376.8 384 368 384H336C327.2 384 320 391.2 320 400V432z\"><\/path><\/svg><\/span><span class=\"uagb-icon-list__label\">Termine einsehen<\/span><\/div>\n<\/div><\/div>\n\n\n\n<div style=\"height:35px\" aria-hidden=\"true\" class=\"wp-block-spacer\"><\/div>\n\n\n\n<h3 class=\"has-text-align-left wp-block-heading\">Neuste Meldungen:<\/h3>\n\n\n<div class=\"wp-block-qubely-postgrid qubely-block-373a4f\"><div class=\"qubely-postgrid-wrapper  qubely-postgrid-layout-2 qubely-postgrid-column qubely-postgrid-column-md1 qubely-postgrid-column-sm2 qubely-postgrid-column-xs1\" ><div class=\"qubely-postgrid qubely-post-grid-view qubely-postgrid-style-2\"><div class=\"qubely-post-grid-wrapper qubely-post-grid-center\"><div class=\"qubely-post-grid-img qubely-post-img qubely-post-img-none\"><a href=\"https:\/\/wp.blasmusik-gebenbach.de\/?p=4079\"><img decoding=\"async\" class=\"qubely-post-image\" src=\"https:\/\/wp.blasmusik-gebenbach.de\/wp-content\/uploads\/2026_Fruehjahrskonzert_36.jpg\" alt=\"Fr\u00fchjahrskonzert der Blasmusik Gebenbach wieder das musikalische Highlight des Jahres &#8211; Mehrzweckhalle st\u00f6\u00dft an ihre Grenzen.\"\/><\/a><\/div><div class=\"qubely-post-grid-content\"><h2 class=\"qubely-postgrid-title\"><a href=\"https:\/\/wp.blasmusik-gebenbach.de\/?p=4079\">Fr\u00fchjahrskonzert der Blasmusik Gebenbach wieder das musikalische Highlight des Jahres &#8211; Mehrzweckhalle st\u00f6\u00dft an ihre Grenzen.<\/a><\/h2><div class=\"qubely-postgrid-meta\"><span><i class=\"far fa-calendar-alt\"><\/i> 14. Mai 2026<\/span><\/div><div class=\"qubely-postgrid-intro\">Wo k\u00f6nnten wir noch einen Stuhl f\u00fcr die Konzertbesucher hinstellen? Diese Frage stellten sich die Gebenbacher Musiker am vergangenen Samstag, den 9. Mai, beim allj\u00e4hrlichen&hellip;<\/div><div class=\"qubely-postgrid-btn-wrapper\"><a class=\"qubely-postgrid-btn qubely-button-fill is-small\" href=\"https:\/\/wp.blasmusik-gebenbach.de\/?p=4079\">Weiterlesen<\/a><\/div><\/div><\/div><\/div><div class=\"qubely-postgrid qubely-post-grid-view qubely-postgrid-style-2\"><div class=\"qubely-post-grid-wrapper qubely-post-grid-center\"><div class=\"qubely-post-grid-img qubely-post-img qubely-post-img-none\"><a href=\"https:\/\/wp.blasmusik-gebenbach.de\/?p=4034\"><img decoding=\"async\" class=\"qubely-post-image\" src=\"https:\/\/wp.blasmusik-gebenbach.de\/wp-content\/uploads\/2026_Ankuendigung_Konzert-scaled.jpg\" alt=\"Blasmusik Gebenbach fiebert dem H\u00f6hepunkt des Jahres entgegen.\"\/><\/a><\/div><div class=\"qubely-post-grid-content\"><h2 class=\"qubely-postgrid-title\"><a href=\"https:\/\/wp.blasmusik-gebenbach.de\/?p=4034\">Blasmusik Gebenbach fiebert dem H\u00f6hepunkt des Jahres entgegen.<\/a><\/h2><div class=\"qubely-postgrid-meta\"><span><i class=\"far fa-calendar-alt\"><\/i> 6. April 2026<\/span><\/div><div class=\"qubely-postgrid-intro\">Es hat schon eine ziemlich lange Tradition, das Jahreskonzert der Gebenbacher Blasmusik, jeweils am Samstag vor Christi Himmelfahrt, in diesem Jahr also am 09. Mai&hellip;<\/div><div class=\"qubely-postgrid-btn-wrapper\"><a class=\"qubely-postgrid-btn qubely-button-fill is-small\" href=\"https:\/\/wp.blasmusik-gebenbach.de\/?p=4034\">Weiterlesen<\/a><\/div><\/div><\/div><\/div><div class=\"qubely-postgrid qubely-post-grid-view qubely-postgrid-style-2\"><div class=\"qubely-post-grid-wrapper qubely-post-grid-center\"><div class=\"qubely-post-grid-content\"><h2 class=\"qubely-postgrid-title\"><a href=\"https:\/\/wp.blasmusik-gebenbach.de\/?p=3970\">Fahrt zum Musical &#8222;THE ROCKY HORROR SHOW&#8220; bei den Luisenburg-Festspielen<\/a><\/h2><div class=\"qubely-postgrid-meta\"><span><i class=\"far fa-calendar-alt\"><\/i> 22. Februar 2026<\/span><\/div><div class=\"qubely-postgrid-intro\">Am Samstag, 15. August 2026 m\u00f6chten wir gemeinsam mit der Werkvolk-Kapelle Schlicht das Musical \u201eTHE ROCKY HORROR SHOW\u201c bei den Luisenburg-Festspielen besuchen. Geplant ist eine&hellip;<\/div><div class=\"qubely-postgrid-btn-wrapper\"><a class=\"qubely-postgrid-btn qubely-button-fill is-small\" href=\"https:\/\/wp.blasmusik-gebenbach.de\/?p=3970\">Weiterlesen<\/a><\/div><\/div><\/div><\/div><div class=\"qubely-postgrid qubely-post-grid-view qubely-postgrid-style-2\"><div class=\"qubely-post-grid-wrapper qubely-post-grid-center\"><div class=\"qubely-post-grid-content\"><h2 class=\"qubely-postgrid-title\"><a href=\"https:\/\/wp.blasmusik-gebenbach.de\/?p=4016\">Auszeichnungen f\u00fcr flei\u00dfige Musiker der Blasmusik Gebenbach<\/a><\/h2><div class=\"qubely-postgrid-meta\"><span><i class=\"far fa-calendar-alt\"><\/i> 15. Februar 2026<\/span><\/div><div class=\"qubely-postgrid-intro\">Um dem Herzst\u00fcck der Blasmusik Gebenbach, also allen Musikern des Haupt- und Nachwuchsorchesters, einen Dank entgegenzubringen, lud Vorsitzender Simon L\u00f6sch zum gemeinsamen Jahresessen ein. Die&hellip;<\/div><div class=\"qubely-postgrid-btn-wrapper\"><a class=\"qubely-postgrid-btn qubely-button-fill is-small\" href=\"https:\/\/wp.blasmusik-gebenbach.de\/?p=4016\">Weiterlesen<\/a><\/div><\/div><\/div><\/div><div class=\"qubely-postgrid qubely-post-grid-view qubely-postgrid-style-2\"><div class=\"qubely-post-grid-wrapper qubely-post-grid-center\"><div class=\"qubely-post-grid-content\"><h2 class=\"qubely-postgrid-title\"><a href=\"https:\/\/wp.blasmusik-gebenbach.de\/?p=4007\">Blasmusik Gebenbach k\u00fcrt Proben- und Auftrittsmeister<\/a><\/h2><div class=\"qubely-postgrid-meta\"><span><i class=\"far fa-calendar-alt\"><\/i> 11. Januar 2026<\/span><\/div><div class=\"qubely-postgrid-intro\">Es hat lange Tradition, dass die Blasmusik Gebenbach jene Musiker auszeichnet, die am h\u00e4ufigsten in den Proben anwesend waren. \u00dcber den Titel des besten Probenbesuchers&hellip;<\/div><div class=\"qubely-postgrid-btn-wrapper\"><a class=\"qubely-postgrid-btn qubely-button-fill is-small\" href=\"https:\/\/wp.blasmusik-gebenbach.de\/?p=4007\">Weiterlesen<\/a><\/div><\/div><\/div><\/div><div class=\"qubely-postgrid qubely-post-grid-view qubely-postgrid-style-2\"><div class=\"qubely-post-grid-wrapper qubely-post-grid-center\"><div class=\"qubely-post-grid-content\"><h2 class=\"qubely-postgrid-title\"><a href=\"https:\/\/wp.blasmusik-gebenbach.de\/?p=3986\">Blasmusik Gebenbach setzt auch weiterhin auf Kontinuit\u00e4t<\/a><\/h2><div class=\"qubely-postgrid-meta\"><span><i class=\"far fa-calendar-alt\"><\/i> 7. Januar 2026<\/span><\/div><div class=\"qubely-postgrid-intro\">Generalversammlung am 06.01.2026 verl\u00e4uft unaufgeregt und ohne gro\u00dfe \u00dcberraschungen. Schon seit eh und je h\u00e4lt die Gebenbacher Blasmusik am Vorabend des Dreik\u00f6nigstages ihre Generalversammlung, jedoch&hellip;<\/div><div class=\"qubely-postgrid-btn-wrapper\"><a class=\"qubely-postgrid-btn qubely-button-fill is-small\" href=\"https:\/\/wp.blasmusik-gebenbach.de\/?p=3986\">Weiterlesen<\/a><\/div><\/div><\/div><\/div><div class=\"qubely-postgrid qubely-post-grid-view qubely-postgrid-style-2\"><div class=\"qubely-post-grid-wrapper qubely-post-grid-center\"><div class=\"qubely-post-grid-content\"><h2 class=\"qubely-postgrid-title\"><a href=\"https:\/\/wp.blasmusik-gebenbach.de\/?p=3978\">Einladung zur Mitgliederversammlung der Blasmusik Gebenbach<\/a><\/h2><div class=\"qubely-postgrid-meta\"><span><i class=\"far fa-calendar-alt\"><\/i> 29. Dezember 2025<\/span><\/div><div class=\"qubely-postgrid-intro\">Am 05. Januar 2026 um 19:30 findet die Mitgliederversammlung der Blasmusik Gebenbach im Pfarrsaal Gebenbach statt. Neben den Berichten von Vorstand, Dirigenten, Aktivensprecher und Kassier,&hellip;<\/div><div class=\"qubely-postgrid-btn-wrapper\"><a class=\"qubely-postgrid-btn qubely-button-fill is-small\" href=\"https:\/\/wp.blasmusik-gebenbach.de\/?p=3978\">Weiterlesen<\/a><\/div><\/div><\/div><\/div><div class=\"qubely-postgrid qubely-post-grid-view qubely-postgrid-style-2\"><div class=\"qubely-post-grid-wrapper qubely-post-grid-center\"><div class=\"qubely-post-grid-img qubely-post-img qubely-post-img-none\"><a href=\"https:\/\/wp.blasmusik-gebenbach.de\/?p=3958\"><img decoding=\"async\" class=\"qubely-post-image\" src=\"https:\/\/wp.blasmusik-gebenbach.de\/wp-content\/uploads\/2025_Kreiskonzert_02.jpg\" alt=\"Kreisorchester Amberg-Sulzbach begeistert beim Kirchenkonzert in Gebenbach\"\/><\/a><\/div><div class=\"qubely-post-grid-content\"><h2 class=\"qubely-postgrid-title\"><a href=\"https:\/\/wp.blasmusik-gebenbach.de\/?p=3958\">Kreisorchester Amberg-Sulzbach begeistert beim Kirchenkonzert in Gebenbach<\/a><\/h2><div class=\"qubely-postgrid-meta\"><span><i class=\"far fa-calendar-alt\"><\/i> 28. Oktober 2025<\/span><\/div><div class=\"qubely-postgrid-intro\">Ein herausragendes Konzerterlebnis erwartete die Besucher in der Kirche St. Martin Gebenbach am Sonntag, den 19. Oktober 2025: Der Kreisverband Amberg-Sulzbach des Nordbayerischen Musikbundes e.V.&hellip;<\/div><div class=\"qubely-postgrid-btn-wrapper\"><a class=\"qubely-postgrid-btn qubely-button-fill is-small\" href=\"https:\/\/wp.blasmusik-gebenbach.de\/?p=3958\">Weiterlesen<\/a><\/div><\/div><\/div><\/div><div class=\"qubely-postgrid qubely-post-grid-view qubely-postgrid-style-2\"><div class=\"qubely-post-grid-wrapper qubely-post-grid-center\"><div class=\"qubely-post-grid-img qubely-post-img qubely-post-img-none\"><a href=\"https:\/\/wp.blasmusik-gebenbach.de\/?p=3951\"><img decoding=\"async\" class=\"qubely-post-image\" src=\"https:\/\/wp.blasmusik-gebenbach.de\/wp-content\/uploads\/2025_Wien_01.jpg\" alt=\"Blasmusik Gebenbach erkundet die Musikmetropole Wien\"\/><\/a><\/div><div class=\"qubely-post-grid-content\"><h2 class=\"qubely-postgrid-title\"><a href=\"https:\/\/wp.blasmusik-gebenbach.de\/?p=3951\">Blasmusik Gebenbach erkundet die Musikmetropole Wien<\/a><\/h2><div class=\"qubely-postgrid-meta\"><span><i class=\"far fa-calendar-alt\"><\/i> 19. Oktober 2025<\/span><\/div><div class=\"qubely-postgrid-intro\">Der traditionelle Wochenendausflug der Blasmusik Gebenbach f\u00fchrte die aktiven Musiker sowie einige externe Teilnehmer bei besten sp\u00e4tsommerlichen Wetter in die \u00f6sterreichische Hauptstadt Wien. Neben ber\u00fchmten&hellip;<\/div><div class=\"qubely-postgrid-btn-wrapper\"><a class=\"qubely-postgrid-btn qubely-button-fill is-small\" href=\"https:\/\/wp.blasmusik-gebenbach.de\/?p=3951\">Weiterlesen<\/a><\/div><\/div><\/div><\/div><div class=\"qubely-postgrid qubely-post-grid-view qubely-postgrid-style-2\"><div class=\"qubely-post-grid-wrapper qubely-post-grid-center\"><div class=\"qubely-post-grid-img qubely-post-img qubely-post-img-none\"><a href=\"https:\/\/wp.blasmusik-gebenbach.de\/?p=3926\"><img decoding=\"async\" class=\"qubely-post-image\" src=\"https:\/\/wp.blasmusik-gebenbach.de\/wp-content\/uploads\/Kirchenkonzert-Gebenbach-2025.jpg\" alt=\"Kirchenkonzert des Kreisorchesters in Gebenbach\"\/><\/a><\/div><div class=\"qubely-post-grid-content\"><h2 class=\"qubely-postgrid-title\"><a href=\"https:\/\/wp.blasmusik-gebenbach.de\/?p=3926\">Kirchenkonzert des Kreisorchesters in Gebenbach<\/a><\/h2><div class=\"qubely-postgrid-meta\"><span><i class=\"far fa-calendar-alt\"><\/i> 24. September 2025<\/span><\/div><div class=\"qubely-postgrid-intro\">Am Sonntag, 19. Oktober um 17 Uhr erklingt in der Gebenbacher Pfarrkirche festliche Bl\u00e4sermusik: Das Kreisorchester des Nordbayerischen Musikbundes l\u00e4dt zu einem feierlichen Kirchenkonzert ein.&hellip;<\/div><div class=\"qubely-postgrid-btn-wrapper\"><a class=\"qubely-postgrid-btn qubely-button-fill is-small\" href=\"https:\/\/wp.blasmusik-gebenbach.de\/?p=3926\">Weiterlesen<\/a><\/div><\/div><\/div><\/div><div class=\"qubely-postgrid qubely-post-grid-view qubely-postgrid-style-2\"><div class=\"qubely-post-grid-wrapper qubely-post-grid-center\"><div class=\"qubely-post-grid-img qubely-post-img qubely-post-img-none\"><a href=\"https:\/\/wp.blasmusik-gebenbach.de\/?p=3923\"><img decoding=\"async\" class=\"qubely-post-image\" src=\"https:\/\/wp.blasmusik-gebenbach.de\/wp-content\/uploads\/2025_Zeltlager.jpg\" alt=\"Zeltlager am Mausberg\"\/><\/a><\/div><div class=\"qubely-post-grid-content\"><h2 class=\"qubely-postgrid-title\"><a href=\"https:\/\/wp.blasmusik-gebenbach.de\/?p=3923\">Zeltlager am Mausberg<\/a><\/h2><div class=\"qubely-postgrid-meta\"><span><i class=\"far fa-calendar-alt\"><\/i> 23. September 2025<\/span><\/div><div class=\"qubely-postgrid-intro\">Eine Abenteuer-Schnitzeljagd rund um den Mausberg, Toben am Monte Kaolino und eine Nachtwanderung mit \u201eSchrecksekunden\u201c: Auch in diesem Jahr hatte die Blasmusik Gebenbach ihre Nachwuchsmusiker&hellip;<\/div><div class=\"qubely-postgrid-btn-wrapper\"><a class=\"qubely-postgrid-btn qubely-button-fill is-small\" href=\"https:\/\/wp.blasmusik-gebenbach.de\/?p=3923\">Weiterlesen<\/a><\/div><\/div><\/div><\/div><div class=\"qubely-postgrid qubely-post-grid-view qubely-postgrid-style-2\"><div class=\"qubely-post-grid-wrapper qubely-post-grid-center\"><div class=\"qubely-post-grid-img qubely-post-img qubely-post-img-none\"><a href=\"https:\/\/wp.blasmusik-gebenbach.de\/?p=3904\"><img decoding=\"async\" class=\"qubely-post-image\" src=\"https:\/\/wp.blasmusik-gebenbach.de\/wp-content\/uploads\/2023-Zeltlager-Nachwuchs-03.jpg\" alt=\"Zeltlager auf dem Mausberg\"\/><\/a><\/div><div class=\"qubely-post-grid-content\"><h2 class=\"qubely-postgrid-title\"><a href=\"https:\/\/wp.blasmusik-gebenbach.de\/?p=3904\">Zeltlager auf dem Mausberg<\/a><\/h2><div class=\"qubely-postgrid-meta\"><span><i class=\"far fa-calendar-alt\"><\/i> 6. August 2025<\/span><\/div><div class=\"qubely-postgrid-intro\">Vom 29. &#8211; 31. August 2025 veranstaltet die Blasmusik Gebenbach wieder das traditionelle Zeltlager auf dem Mausberg. Eingeladen sind alle Kinder aus Gebenbach um Umgebung&hellip;<\/div><div class=\"qubely-postgrid-btn-wrapper\"><a class=\"qubely-postgrid-btn qubely-button-fill is-small\" href=\"https:\/\/wp.blasmusik-gebenbach.de\/?p=3904\">Weiterlesen<\/a><\/div><\/div><\/div><\/div><div class=\"qubely-postgrid qubely-post-grid-view qubely-postgrid-style-2\"><div class=\"qubely-post-grid-wrapper qubely-post-grid-center\"><div class=\"qubely-post-grid-img qubely-post-img qubely-post-img-none\"><a href=\"https:\/\/wp.blasmusik-gebenbach.de\/?p=3873\"><img decoding=\"async\" class=\"qubely-post-image\" src=\"https:\/\/wp.blasmusik-gebenbach.de\/wp-content\/uploads\/2025_Sommerkonzert-NWO.jpg\" alt=\"Nachwuchsorchester der Blasmusik Gebenbach begeistert beim Sommerkonzert im H\u00fcth\u00e4usel\"\/><\/a><\/div><div class=\"qubely-post-grid-content\"><h2 class=\"qubely-postgrid-title\"><a href=\"https:\/\/wp.blasmusik-gebenbach.de\/?p=3873\">Nachwuchsorchester der Blasmusik Gebenbach begeistert beim Sommerkonzert im H\u00fcth\u00e4usel<\/a><\/h2><div class=\"qubely-postgrid-meta\"><span><i class=\"far fa-calendar-alt\"><\/i> 6. Juli 2025<\/span><\/div><div class=\"qubely-postgrid-intro\">Am 29. Juni wurde das H\u00fcth\u00e4usel in Kleinsch\u00f6nbrunn erneut zur B\u00fchne f\u00fcr ein besonderes musikalisches Ereignis: Zum zweiten Mal fand dort das Sommerkonzert des Nachwuchsorchesters&hellip;<\/div><div class=\"qubely-postgrid-btn-wrapper\"><a class=\"qubely-postgrid-btn qubely-button-fill is-small\" href=\"https:\/\/wp.blasmusik-gebenbach.de\/?p=3873\">Weiterlesen<\/a><\/div><\/div><\/div><\/div><div class=\"qubely-postgrid qubely-post-grid-view qubely-postgrid-style-2\"><div class=\"qubely-post-grid-wrapper qubely-post-grid-center\"><div class=\"qubely-post-grid-img qubely-post-img qubely-post-img-none\"><a href=\"https:\/\/wp.blasmusik-gebenbach.de\/?p=3867\"><img decoding=\"async\" class=\"qubely-post-image\" src=\"https:\/\/wp.blasmusik-gebenbach.de\/wp-content\/uploads\/WhatsApp-Bild-2025-06-15-um-22.15.02_f546fadd.jpg\" alt=\"Nachwuchsorchester l\u00e4dt zum Sommerkonzert ins H\u00fcth\u00e4usl\"\/><\/a><\/div><div class=\"qubely-post-grid-content\"><h2 class=\"qubely-postgrid-title\"><a href=\"https:\/\/wp.blasmusik-gebenbach.de\/?p=3867\">Nachwuchsorchester l\u00e4dt zum Sommerkonzert ins H\u00fcth\u00e4usl<\/a><\/h2><div class=\"qubely-postgrid-meta\"><span><i class=\"far fa-calendar-alt\"><\/i> 23. Juni 2025<\/span><\/div><div class=\"qubely-postgrid-intro\">Zum Sommerkonzert hei\u00dft das Nachwuchsorchester der Blasmusik Gebenbach am Sonntag, 29. Juli um 15 Uhr alle Freunde der modernen und traditionellen Blasmusik im H\u00fcth\u00e4usl in&hellip;<\/div><div class=\"qubely-postgrid-btn-wrapper\"><a class=\"qubely-postgrid-btn qubely-button-fill is-small\" href=\"https:\/\/wp.blasmusik-gebenbach.de\/?p=3867\">Weiterlesen<\/a><\/div><\/div><\/div><\/div><div class=\"qubely-postgrid qubely-post-grid-view qubely-postgrid-style-2\"><div class=\"qubely-post-grid-wrapper qubely-post-grid-center\"><div class=\"qubely-post-grid-img qubely-post-img qubely-post-img-none\"><a href=\"https:\/\/wp.blasmusik-gebenbach.de\/?p=3858\"><img decoding=\"async\" class=\"qubely-post-image\" src=\"https:\/\/wp.blasmusik-gebenbach.de\/wp-content\/uploads\/2025_Fruehjahrskonzert_01.jpg\" alt=\"Fr\u00fchjahrskonzert 2025\"\/><\/a><\/div><div class=\"qubely-post-grid-content\"><h2 class=\"qubely-postgrid-title\"><a href=\"https:\/\/wp.blasmusik-gebenbach.de\/?p=3858\">Fr\u00fchjahrskonzert 2025<\/a><\/h2><div class=\"qubely-postgrid-meta\"><span><i class=\"far fa-calendar-alt\"><\/i> 4. Juni 2025<\/span><\/div><div class=\"qubely-postgrid-intro\">Von Mittelerde zum Gardasee, \u00fcber Irland bis zum Mond mit f\u00fcnf Dirigenten und einem Orchester das zur H\u00f6chstform aufl\u00e4uft.&nbsp; Mit einem \u00fcberw\u00e4ltigenden und eindrucksvollen Auftritt&hellip;<\/div><div class=\"qubely-postgrid-btn-wrapper\"><a class=\"qubely-postgrid-btn qubely-button-fill is-small\" href=\"https:\/\/wp.blasmusik-gebenbach.de\/?p=3858\">Weiterlesen<\/a><\/div><\/div><\/div><\/div><\/div><div class=\"qubely-postgrid-pagination\"><span aria-current=\"page\" class=\"page-numbers current\">1<\/span>\n<a class=\"page-numbers\" href=\"https:\/\/wp.blasmusik-gebenbach.de\/index.php?rest_route=%2Fwp%2Fv2%2Fpages%2F706&#038;paged=2\">2<\/a>\n<a class=\"page-numbers\" href=\"https:\/\/wp.blasmusik-gebenbach.de\/index.php?rest_route=%2Fwp%2Fv2%2Fpages%2F706&#038;paged=3\">3<\/a>\n<span class=\"page-numbers dots\">&hellip;<\/span>\n<a class=\"page-numbers\" href=\"https:\/\/wp.blasmusik-gebenbach.de\/index.php?rest_route=%2Fwp%2Fv2%2Fpages%2F706&#038;paged=7\">7<\/a>\n<a class=\"next page-numbers\" href=\"https:\/\/wp.blasmusik-gebenbach.de\/index.php?rest_route=%2Fwp%2Fv2%2Fpages%2F706&#038;paged=2\">Next <span class='fas fa-angle-right'><\/span><\/a><\/div><\/div>\n\n\n<div class=\"wp-block-qubely-icon qubely-block-eac661\" data-qubelyanimation=\"{&quot;animation&quot;:&quot;bounce&quot;,&quot;name&quot;:&quot;bounceCenter&quot;,&quot;repeat&quot;:&quot;once&quot;,&quot;direction&quot;:&quot;Center&quot;,&quot;duration&quot;:1000,&quot;delay&quot;:0,&quot;curve&quot;:&quot;ease-in-out&quot;,&quot;openAnimation&quot;:1}\"><div class=\"qubely-block-icon-wrapper \"><div class=\"qubely-block-icon\"><a class=\"qubely-icon-block-anchor\" href=\"javascript:self.scrollTo(0,0);\"><i class=\"fas fa-angle-up\"><\/i><\/a><\/div><\/div><\/div>\n","protected":false},"excerpt":{"rendered":"<p>Aktuelles aus dem Verein Neuste Meldungen:<\/p>\n","protected":false},"author":1,"featured_media":0,"parent":0,"menu_order":0,"comment_status":"closed","ping_status":"closed","template":"","meta":{"qubely_global_settings":"","qubely_interactions":"","inline_featured_image":false,"_uag_custom_page_level_css":"","footnotes":""},"class_list":["post-706","page","type-page","status-publish","hentry"],"uagb_featured_image_src":{"full":false,"thumbnail":false,"medium":false,"medium_large":false,"large":false,"1536x1536":false,"2048x2048":false,"qubely_landscape":false,"qubely_portrait":false,"qubely_thumbnail":false},"uagb_author_info":{"display_name":"wp_admin","author_link":"https:\/\/wp.blasmusik-gebenbach.de\/?author=1"},"uagb_comment_info":0,"uagb_excerpt":"Aktuelles aus dem Verein Neuste Meldungen:","_links":{"self":[{"href":"https:\/\/wp.blasmusik-gebenbach.de\/index.php?rest_route=\/wp\/v2\/pages\/706","targetHints":{"allow":["GET"]}}],"collection":[{"href":"https:\/\/wp.blasmusik-gebenbach.de\/index.php?rest_route=\/wp\/v2\/pages"}],"about":[{"href":"https:\/\/wp.blasmusik-gebenbach.de\/index.php?rest_route=\/wp\/v2\/types\/page"}],"author":[{"embeddable":true,"href":"https:\/\/wp.blasmusik-gebenbach.de\/index.php?rest_route=\/wp\/v2\/users\/1"}],"replies":[{"embeddable":true,"href":"https:\/\/wp.blasmusik-gebenbach.de\/index.php?rest_route=%2Fwp%2Fv2%2Fcomments&post=706"}],"version-history":[{"count":5,"href":"https:\/\/wp.blasmusik-gebenbach.de\/index.php?rest_route=\/wp\/v2\/pages\/706\/revisions"}],"predecessor-version":[{"id":3478,"href":"https:\/\/wp.blasmusik-gebenbach.de\/index.php?rest_route=\/wp\/v2\/pages\/706\/revisions\/3478"}],"wp:attachment":[{"href":"https:\/\/wp.blasmusik-gebenbach.de\/index.php?rest_route=%2Fwp%2Fv2%2Fmedia&parent=706"}],"curies":[{"name":"wp","href":"https:\/\/api.w.org\/{rel}","templated":true}]}}